
{"id":2457,"date":"2022-05-04T13:03:53","date_gmt":"2022-05-04T11:03:53","guid":{"rendered":"https:\/\/bodegaclementegarcia.com\/winery\/"},"modified":"2022-07-22T09:30:50","modified_gmt":"2022-07-22T07:30:50","slug":"winery","status":"publish","type":"page","link":"https:\/\/bodegaclementegarcia.com\/en\/winery\/","title":{"rendered":"Winery"},"content":{"rendered":"<p>[vc_row full_width=&#8221;stretch_row_content_no_spaces&#8221; equal_height=&#8221;yes&#8221; content_placement=&#8221;middle&#8221; bg_type=&#8221;bg_color&#8221; parallax_content=&#8221;parallax_content_value&#8221; parallax_content_sense=&#8221;20&#8243; fadeout_row=&#8221;fadeout_row_value&#8221; fadeout_start_effect=&#8221;70&#8243; css=&#8221;.vc_custom_1646129562191{padding-top: 10% !important;padding-bottom: 5% !important;}&#8221; bg_color_value=&#8221;#ffffff&#8221;][vc_column width=&#8221;1\/4&#8243; css=&#8221;.vc_custom_1643622098558{padding-top: 40px !important;padding-right: 10% !important;padding-bottom: 40px !important;padding-left: 10% !important;}&#8221;][\/vc_column][vc_column width=&#8221;1\/2&#8243;][vc_custom_heading text=&#8221;A winery of today housed in a sixteenth-century winery&#8221; font_container=&#8221;tag:h1|font_size:4.0em|text_align:center|color:%2383003f|line_height:0.9em&#8221; google_fonts=&#8221;font_family:Oswald%3A300%2Cregular%2C700|font_style:300%20light%20regular%3A300%3Anormal&#8221;][\/vc_column][vc_column width=&#8221;1\/4&#8243;][\/vc_column][\/vc_row][vc_row full_width=&#8221;stretch_row_content&#8221; equal_height=&#8221;yes&#8221; content_placement=&#8221;middle&#8221; bg_type=&#8221;bg_color&#8221; parallax_content=&#8221;parallax_content_value&#8221; parallax_content_sense=&#8221;20&#8243; fadeout_row=&#8221;fadeout_row_value&#8221; fadeout_start_effect=&#8221;70&#8243; bg_color_value=&#8221;#ffffff&#8221;][vc_column width=&#8221;1\/2&#8243; css=&#8221;.vc_custom_1646130206869{padding-top: 0px !important;padding-bottom: 5% !important;background-position: center !important;background-repeat: no-repeat !important;background-size: cover !important;}&#8221;][vc_single_image image=&#8221;2468&#8243; img_size=&#8221;full&#8221; alignment=&#8221;center&#8221; css_animation=&#8221;fadeIn&#8221;][\/vc_column][vc_column width=&#8221;1\/2&#8243; css=&#8221;.vc_custom_1646130305618{padding-right: 8% !important;padding-bottom: 5% !important;padding-left: 8% !important;}&#8221;][vc_column_text]<\/p>\n<p style=\"text-align: center;line-height: 2.5em\"><span style=\"color: #000000\">My small, humble winery is held up by an <\/span><strong>ORIGINAL BEAM from our 16th century<\/strong> <span style=\"color: #000000\">of the <\/span><strong>FAMILY HOME <\/strong><span style=\"color: #000000\">in the historic center of Ba\u00f1os de R\u00edo Tob\u00eda, where my ancestors made their wines and where my grandfather left in the mid 70&#8217;s when he joined the Cooperative of the area.<\/span><\/p>\n<p style=\"text-align: center;line-height: 2.5em\"><span style=\"color: #000000\">In 2006 I started the renovation of the old winery, which was sinking into the ground, and once the work progressed, I saw the possibility of<\/span><strong>ADAPTING IT AND USING IT AGAIN<\/strong><span style=\"color: #000000\">. There began a personal project of tireless work that led me to the production of <strong>MY FIRST VINTAGE<\/strong> in <strong>2014<\/strong>.<\/span><\/p>\n<p style=\"text-align: center;line-height: 2.5em\"><span style=\"color: #000000\">I have updated the winery to fulfil the needs of modern yet artisan wine production, <\/span><span style=\"color: #000000\">maintaining the <\/span><strong>ORIGINAL CHARACTER AND ARCHITECTURE<\/strong><span style=\"color: #000000\">, such as the fretwork and the central beam, in facilities that are built at differing heights, which allows the wine to flow through the process naturally using gravity, thereby significantly reducing the use of machinery.<\/span><\/p>\n<p style=\"text-align: center;line-height: 2.5em\"><span style=\"color: #000000\">Because of this, I\u2019m able to preserve the <strong>INTEGRITY OF THE GRAPES<\/strong> and obtain<\/span><strong>PURER WINES<\/strong>.<\/p>\n<p style=\"text-align: center;line-height: 2.5em\"><span style=\"color: #000000\">In the cellar I\u2019m able to have complete <\/span><strong>CONTROL<\/strong> <span style=\"color: #000000\">of temperature and humidity all year round.<\/span><\/p>\n<p>[\/vc_column_text][\/vc_column][\/vc_row][vc_row full_width=&#8221;stretch_row_content_no_spaces&#8221; content_placement=&#8221;top&#8221; css_animation=&#8221;fadeIn&#8221; css=&#8221;.vc_custom_1643622725755{margin-top: 0px !important;margin-bottom: 0px !important;border-top-width: 0px !important;border-bottom-width: 0px !important;padding-top: 0px !important;padding-bottom: 0px !important;}&#8221;][vc_column width=&#8221;1\/3&#8243; css=&#8221;.vc_custom_1643622748647{margin-top: 0px !important;margin-bottom: 0px !important;border-top-width: 0px !important;border-bottom-width: 0px !important;padding-top: 0px !important;padding-bottom: 0px !important;}&#8221;][vc_single_image image=&#8221;2461&#8243; img_size=&#8221;full&#8221; css_animation=&#8221;fadeIn&#8221;][\/vc_column][vc_column width=&#8221;1\/3&#8243; css=&#8221;.vc_custom_1643622736552{margin-top: 0px !important;margin-bottom: 0px !important;border-top-width: 0px !important;border-bottom-width: 0px !important;padding-top: 0px !important;padding-bottom: 0px !important;}&#8221;][vc_single_image image=&#8221;2463&#8243; img_size=&#8221;full&#8221; css_animation=&#8221;fadeIn&#8221;][\/vc_column][vc_column width=&#8221;1\/3&#8243; css=&#8221;.vc_custom_1643622731187{margin-top: 0px !important;margin-bottom: 0px !important;border-top-width: 0px !important;border-bottom-width: 0px !important;padding-top: 0px !important;padding-bottom: 0px !important;}&#8221;][vc_single_image image=&#8221;2460&#8243; img_size=&#8221;full&#8221; css_animation=&#8221;fadeIn&#8221;][\/vc_column][\/vc_row][vc_row full_width=&#8221;stretch_row&#8221; equal_height=&#8221;yes&#8221; content_placement=&#8221;middle&#8221; bg_type=&#8221;bg_color&#8221; parallax_content=&#8221;parallax_content_value&#8221; parallax_content_sense=&#8221;20&#8243; fadeout_row=&#8221;fadeout_row_value&#8221; fadeout_start_effect=&#8221;70&#8243; css=&#8221;.vc_custom_1643622954829{margin-top: 0px !important;border-top-width: 0px !important;padding-top: 0px !important;}&#8221;][vc_column width=&#8221;1\/2&#8243; css=&#8221;.vc_custom_1646130400601{margin-top: 0px !important;border-top-width: 0px !important;padding-top: 0px !important;padding-left: 10% !important;background-position: center !important;background-repeat: no-repeat !important;background-size: cover !important;}&#8221;][vc_column_text]<\/p>\n<p style=\"text-align: center;line-height: 2.5em\"><span style=\"color: #000000\">The features of the <\/span><strong>ORIGINAL ARCHITECTURE<\/strong> <span style=\"color: #000000\">are so important that I wanted them reflected on the wine <\/span><strong>LABELS:<\/strong> <span style=\"color: #000000\">the centenary beam takes pride of place on the label of Clemente Garc\u00eda Garnacha, my most emblematic wine; the column that holds the beam appears on the label of Clemente Garc\u00eda Tempranillo and the stonework in our cellar is featured on Clemente Garc\u00eda Viura.<\/span><\/p>\n<p>[\/vc_column_text][\/vc_column][vc_column width=&#8221;1\/2&#8243; css=&#8221;.vc_custom_1646130564976{margin-top: 0px !important;border-top-width: 0px !important;padding-top: 0px !important;padding-right: 5% !important;padding-left: 10% !important;}&#8221;][vc_single_image image=&#8221;2467&#8243; img_size=&#8221;full&#8221; alignment=&#8221;center&#8221; css_animation=&#8221;fadeIn&#8221;][\/vc_column][\/vc_row]<\/p>\n","protected":false},"excerpt":{"rendered":"<p>[vc_row full_width=&#8221;stretch_row_content_no_spaces&#8221; equal_height=&#8221;yes&#8221; content_placement=&#8221;middle&#8221; bg_type=&#8221;bg_color&#8221; parallax_content=&#8221;parallax_content_value&#8221; parallax_content_sense=&#8221;20&#8243; fadeout_row=&#8221;fadeout_row_value&#8221; fadeout_start_effect=&#8221;70&#8243; css=&#8221;.vc_custom_1646129562191{padding-top: 10% !important;padding-bottom: 5% !important;}&#8221; bg_color_value=&#8221;#ffffff&#8221;][vc_column width=&#8221;1\/4&#8243; css=&#8221;.vc_custom_1643622098558{padding-top: 40px !important;padding-right: 10% !important;padding-bottom: 40px !important;padding-left: 10% !important;}&#8221;][\/vc_column][vc_column width=&#8221;1\/2&#8243;][vc_custom_heading text=&#8221;A winery of today housed in a sixteenth-century winery&#8221; font_container=&#8221;tag:h1|font_size:4.0em|text_align:center|color:%2383003f|line_height:0.9em&#8221; google_fonts=&#8221;font_family:Oswald%3A300%2Cregular%2C700|font_style:300%20light%20regular%3A300%3Anormal&#8221;][\/vc_column][vc_column width=&#8221;1\/4&#8243;][\/vc_column][\/vc_row][vc_row full_width=&#8221;stretch_row_content&#8221; equal_height=&#8221;yes&#8221; [&hellip;]<\/p>\n","protected":false},"author":1,"featured_media":0,"parent":0,"menu_order":0,"comment_status":"closed","ping_status":"closed","template":"","meta":{"_monsterinsights_skip_tracking":false,"_monsterinsights_sitenote_active":false,"_monsterinsights_sitenote_note":"","_monsterinsights_sitenote_category":0,"footnotes":""},"class_list":["post-2457","page","type-page","status-publish","hentry"],"_links":{"self":[{"href":"https:\/\/bodegaclementegarcia.com\/en\/wp-json\/wp\/v2\/pages\/2457","targetHints":{"allow":["GET"]}}],"collection":[{"href":"https:\/\/bodegaclementegarcia.com\/en\/wp-json\/wp\/v2\/pages"}],"about":[{"href":"https:\/\/bodegaclementegarcia.com\/en\/wp-json\/wp\/v2\/types\/page"}],"author":[{"embeddable":true,"href":"https:\/\/bodegaclementegarcia.com\/en\/wp-json\/wp\/v2\/users\/1"}],"replies":[{"embeddable":true,"href":"https:\/\/bodegaclementegarcia.com\/en\/wp-json\/wp\/v2\/comments?post=2457"}],"version-history":[{"count":4,"href":"https:\/\/bodegaclementegarcia.com\/en\/wp-json\/wp\/v2\/pages\/2457\/revisions"}],"predecessor-version":[{"id":2766,"href":"https:\/\/bodegaclementegarcia.com\/en\/wp-json\/wp\/v2\/pages\/2457\/revisions\/2766"}],"wp:attachment":[{"href":"https:\/\/bodegaclementegarcia.com\/en\/wp-json\/wp\/v2\/media?parent=2457"}],"curies":[{"name":"wp","href":"https:\/\/api.w.org\/{rel}","templated":true}]}}