
{"id":2475,"date":"2022-05-04T13:26:31","date_gmt":"2022-05-04T11:26:31","guid":{"rendered":"https:\/\/bodegaclementegarcia.com\/vineyard\/"},"modified":"2022-07-22T09:34:58","modified_gmt":"2022-07-22T07:34:58","slug":"vineyard","status":"publish","type":"page","link":"https:\/\/bodegaclementegarcia.com\/en\/vineyard\/","title":{"rendered":"Vineyard"},"content":{"rendered":"<p>[vc_row full_width=&#8221;stretch_row_content_no_spaces&#8221; content_placement=&#8221;middle&#8221; bg_type=&#8221;bg_color&#8221; parallax_content=&#8221;parallax_content_value&#8221; parallax_content_sense=&#8221;20&#8243; fadeout_row=&#8221;fadeout_row_value&#8221; fadeout_start_effect=&#8221;70&#8243;][vc_column css=&#8221;.vc_custom_1636654122712{padding-top: 120px !important;}&#8221;][vc_single_image image=&#8221;2482&#8243; img_size=&#8221;full&#8221; alignment=&#8221;center&#8221; css_animation=&#8221;fadeIn&#8221;][\/vc_column][\/vc_row][vc_row full_width=&#8221;stretch_row&#8221; equal_height=&#8221;yes&#8221; content_placement=&#8221;middle&#8221; bg_type=&#8221;bg_color&#8221; parallax_content=&#8221;parallax_content_value&#8221; parallax_content_sense=&#8221;20&#8243; fadeout_row=&#8221;fadeout_row_value&#8221; fadeout_start_effect=&#8221;70&#8243;][vc_column width=&#8221;1\/6&#8243; css=&#8221;.vc_custom_1643371260064{background-position: center !important;background-repeat: no-repeat !important;background-size: cover !important;}&#8221;][\/vc_column][vc_column width=&#8221;2\/3&#8243; css=&#8221;.vc_custom_1646131156859{padding-top: 3% !important;padding-right: 5% !important;padding-left: 10% !important;}&#8221;][vc_custom_heading text=&#8221;The beginnings are in the vineyard&#8221; font_container=&#8221;tag:h1|font_size:4.0%20em|text_align:center|color:%2383003f|line_height:0.9%20em&#8221; google_fonts=&#8221;font_family:Oswald%3A300%2Cregular%2C700|font_style:300%20light%20regular%3A300%3Anormal&#8221; css=&#8221;.vc_custom_1643372950219{padding-bottom: 3% !important;}&#8221;][vc_column_text]<\/p>\n<p style=\"text-align: center;line-height: 2.5em\"><span style=\"color: #000000\">The vineyards, which I have been fond from early childhood thanks to my grandfather, are located in Ba\u00f1os de R\u00edo Tob\u00eda in one of the <\/span><strong>HIGHEST<\/strong> and <strong>COOLEST<\/strong> <strong>AREAS<\/strong> of <strong>RIOJA ALTA<\/strong><span style=\"color: #000000\">at an altitude between 560 and 740 meters. Here I cultivate the vines organically under special, strict guidelines from the<\/span><strong>LOCAL MUNICIPALITY<\/strong><span style=\"color: #000000\">.<br \/>\n<\/span><span style=\"color: #000000\">In the family we have vineyards of Grenache and Tempranillo between 25 and 75 years old and Viura with an average age of 60.<\/span><\/p>\n<p>[\/vc_column_text][\/vc_column][vc_column width=&#8221;1\/6&#8243;][\/vc_column][\/vc_row][vc_row full_width=&#8221;stretch_row&#8221; equal_height=&#8221;yes&#8221; content_placement=&#8221;middle&#8221; bg_type=&#8221;bg_color&#8221; parallax_content=&#8221;parallax_content_value&#8221; parallax_content_sense=&#8221;20&#8243; fadeout_row=&#8221;fadeout_row_value&#8221; fadeout_start_effect=&#8221;70&#8243; css=&#8221;.vc_custom_1646131571917{background-color: #f2f2f2 !important;}&#8221;][vc_column width=&#8221;1\/2&#8243; css=&#8221;.vc_custom_1638261768635{padding-top: 40px !important;padding-bottom: 40px !important;}&#8221;][vc_single_image image=&#8221;2478&#8243; img_size=&#8221;full&#8221; alignment=&#8221;center&#8221; css_animation=&#8221;fadeIn&#8221;][\/vc_column][vc_column width=&#8221;1\/2&#8243; css=&#8221;.vc_custom_1638261710701{padding-right: 3% !important;}&#8221;][vc_custom_heading text=&#8221;Organic viticulture&#8221; font_container=&#8221;tag:h1|font_size:4.0%20em|text_align:center|color:%2383003f|line_height:0.9%20em&#8221; google_fonts=&#8221;font_family:Oswald%3A300%2Cregular%2C700|font_style:300%20light%20regular%3A300%3Anormal&#8221; css=&#8221;.vc_custom_1643372957071{padding-bottom: 3% !important;}&#8221;][vc_column_text]<\/p>\n<p style=\"text-align: center;line-height: 2.5em\"><span style=\"color: #000000\">I work three hectares practicing organic and sustainable viticulture, convinced that respect for the land is the<\/span><strong>BEST GUARANTEE FOR THE FUTURE <\/strong> <span style=\"color: #000000\">and allows me to take care of our vineyards in the best way possible. Because of this, the grapes naturally express all their <\/span><strong>VARIETY<\/strong> and <strong>TAKE FLAVOURS<\/strong> and <strong>ESSENCES FROM THE LAND<\/strong> <span style=\"color: #000000\">allowing me to develope <\/span><strong>MORE ORIGINAL WINES,<\/strong> <span style=\"color: #000000\">especially in terms of their aromas.<\/span><\/p>\n<p>&nbsp;<\/p>\n<p style=\"text-align: center;line-height: 2.5em\"><span style=\"color: #000000\">Moreover, by not using chemical products in the environment of our vineyards, I encourage a<\/span><strong>NATURAL ECOSYSTEM<\/strong> <span style=\"color: #000000\">of animals and plants that protects the vineyard from pests and diseases.<\/span><\/p>\n<p>&nbsp;<\/p>\n<p style=\"text-align: center;line-height: 2.5em\"><span style=\"color: #000000\">Good wines are made in the vineyard, working with <\/span><strong>CARE <\/strong> and<strong> PATIENCE, <\/strong> <span style=\"color: #000000\">which is why I dedicate a lot of time and effort to it during the whole growing cycle and control its production<strong>FROM THE PRUNING UP UNTIL THE HARVEST<\/strong>. We harvest by hand using boxes, selecting the grapes in the vineyard itself so that only the best are taken to the winery.<\/span><\/p>\n<p>[\/vc_column_text][\/vc_column][\/vc_row][vc_row full_width=&#8221;stretch_row&#8221; equal_height=&#8221;yes&#8221; content_placement=&#8221;middle&#8221; bg_type=&#8221;bg_color&#8221; parallax_content=&#8221;parallax_content_value&#8221; parallax_content_sense=&#8221;20&#8243; fadeout_row=&#8221;fadeout_row_value&#8221; fadeout_start_effect=&#8221;70&#8243;][vc_column width=&#8221;1\/2&#8243; css=&#8221;.vc_custom_1646131395611{padding-right: 5% !important;padding-left: 10% !important;}&#8221;][vc_custom_heading text=&#8221;Grenache, my favourite grape&#8221; font_container=&#8221;tag:h1|font_size:4.0%20em|text_align:center|color:%2383003f|line_height:0.9%20em&#8221; google_fonts=&#8221;font_family:Oswald%3A300%2Cregular%2C700|font_style:300%20light%20regular%3A300%3Anormal&#8221; css=&#8221;.vc_custom_1646131312114{padding-top: 3% !important;padding-bottom: 3% !important;}&#8221;][vc_column_text]<\/p>\n<p style=\"text-align: center;line-height: 2.5em\"><span style=\"color: #000000\">I work lovingly with Grenache, our favourite grape, a typical variety in our area. A once lost <\/span><strong>VARIETY<\/strong> <span style=\"color: #000000\">that for a while was deeply undervalued, allows me to achieve a special <strong>AUTHENTICITY<\/strong> and <strong>IDENTITY<\/strong> in our wines. .<\/span> <\/p>\n<p>&nbsp;<\/p>\n<p style=\"text-align: center;line-height: 2.5em\"><span style=\"color: #000000\">Grenache provides a greater quantity of native yeasts, higher total acidity and lower pH, greater aromatic intensity and colour, which means a higher potential quality of the wines. Being at high altitude leads to a Grenache with a lot of <\/span><strong>FRESHNESS<\/strong> and <strong>VERY INTENSE FRUITINESS<\/strong>.<\/p>\n<p>&nbsp;<\/p>\n<p style=\"text-align: center;line-height: 2.5em\"><span style=\"color: #000000\">In the vineyard, it is a very resistant variety to pests and diseases, which really helps when working using organic processes.<\/span><\/p>\n<p>[\/vc_column_text][\/vc_column][vc_column width=&#8221;1\/2&#8243; css=&#8221;.vc_custom_1646131597358{background-position: center !important;background-repeat: no-repeat !important;background-size: cover !important;}&#8221;][vc_single_image image=&#8221;2480&#8243; img_size=&#8221;full&#8221; alignment=&#8221;center&#8221; css_animation=&#8221;fadeIn&#8221; css=&#8221;.vc_custom_1646131659989{padding-left: 5% !important;}&#8221;][\/vc_column][\/vc_row]<\/p>\n","protected":false},"excerpt":{"rendered":"<p>[vc_row full_width=&#8221;stretch_row_content_no_spaces&#8221; content_placement=&#8221;middle&#8221; bg_type=&#8221;bg_color&#8221; parallax_content=&#8221;parallax_content_value&#8221; parallax_content_sense=&#8221;20&#8243; fadeout_row=&#8221;fadeout_row_value&#8221; fadeout_start_effect=&#8221;70&#8243;][vc_column css=&#8221;.vc_custom_1636654122712{padding-top: 120px !important;}&#8221;][vc_single_image image=&#8221;2482&#8243; img_size=&#8221;full&#8221; alignment=&#8221;center&#8221; css_animation=&#8221;fadeIn&#8221;][\/vc_column][\/vc_row][vc_row full_width=&#8221;stretch_row&#8221; equal_height=&#8221;yes&#8221; content_placement=&#8221;middle&#8221; bg_type=&#8221;bg_color&#8221; parallax_content=&#8221;parallax_content_value&#8221; parallax_content_sense=&#8221;20&#8243; fadeout_row=&#8221;fadeout_row_value&#8221; fadeout_start_effect=&#8221;70&#8243;][vc_column width=&#8221;1\/6&#8243; css=&#8221;.vc_custom_1643371260064{background-position: center !important;background-repeat: no-repeat !important;background-size: cover !important;}&#8221;][\/vc_column][vc_column width=&#8221;2\/3&#8243; css=&#8221;.vc_custom_1646131156859{padding-top: 3% !important;padding-right: 5% !important;padding-left: 10% !important;}&#8221;][vc_custom_heading text=&#8221;The [&hellip;]<\/p>\n","protected":false},"author":1,"featured_media":0,"parent":0,"menu_order":0,"comment_status":"closed","ping_status":"closed","template":"","meta":{"_monsterinsights_skip_tracking":false,"_monsterinsights_sitenote_active":false,"_monsterinsights_sitenote_note":"","_monsterinsights_sitenote_category":0,"footnotes":""},"class_list":["post-2475","page","type-page","status-publish","hentry"],"_links":{"self":[{"href":"https:\/\/bodegaclementegarcia.com\/en\/wp-json\/wp\/v2\/pages\/2475","targetHints":{"allow":["GET"]}}],"collection":[{"href":"https:\/\/bodegaclementegarcia.com\/en\/wp-json\/wp\/v2\/pages"}],"about":[{"href":"https:\/\/bodegaclementegarcia.com\/en\/wp-json\/wp\/v2\/types\/page"}],"author":[{"embeddable":true,"href":"https:\/\/bodegaclementegarcia.com\/en\/wp-json\/wp\/v2\/users\/1"}],"replies":[{"embeddable":true,"href":"https:\/\/bodegaclementegarcia.com\/en\/wp-json\/wp\/v2\/comments?post=2475"}],"version-history":[{"count":5,"href":"https:\/\/bodegaclementegarcia.com\/en\/wp-json\/wp\/v2\/pages\/2475\/revisions"}],"predecessor-version":[{"id":2768,"href":"https:\/\/bodegaclementegarcia.com\/en\/wp-json\/wp\/v2\/pages\/2475\/revisions\/2768"}],"wp:attachment":[{"href":"https:\/\/bodegaclementegarcia.com\/en\/wp-json\/wp\/v2\/media?parent=2475"}],"curies":[{"name":"wp","href":"https:\/\/api.w.org\/{rel}","templated":true}]}}