
{"id":2571,"date":"2022-05-17T12:47:51","date_gmt":"2022-05-17T10:47:51","guid":{"rendered":"https:\/\/bodegaclementegarcia.com\/privacy-policy\/"},"modified":"2022-05-17T12:47:51","modified_gmt":"2022-05-17T10:47:51","slug":"privacy-policy","status":"publish","type":"page","link":"https:\/\/bodegaclementegarcia.com\/en\/privacy-policy\/","title":{"rendered":"Privacy Policy"},"content":{"rendered":"<h1><span style=\"font-size: 24pt;\">Privacy Policy<\/span><\/h1>\n<p>The website www.bodegaclementegarcia.es is the property of BODEGAS CLEMENTE GARC\u00cdA S.L. (hereinafter BODEGAS CLEMENTE GARC\u00cdA), whose identification details are as follows:<\/p>\n<ul>\n<li>ADDRESS: Ballester\u00eda 33, 26320 Ba\u00f1os de R\u00edo Tob\u00eda (La Rioja, Spain)<\/li>\n<li>CIF: B26521344<\/li>\n<li>Company registered in the Mercantile Register of La Rioja, Sheet LO-16150 Volume 783 Folio 110 Inscription 1.<\/li>\n<li>CONTACT DETAILS: Tel: 699587755 and email: bodegaclementegarcia@gmail.com<span class=\"Apple-converted-space\"> <\/span><\/li>\n<\/ul>\n<p><span style=\"font-family: Oswald; font-size: 18pt;\"><b>Information and consent<\/b><\/span><\/p>\n<p>By accepting this Privacy Policy, the User has been informed and gives his\/her free, specific and unequivocal consent that the personal data provided through this website (hereinafter, the &#8220;Website&#8221;) be processed by BODEGAS CLEMENTE GARC\u00cdA.<\/p>\n<p>&nbsp;<\/p>\n<p><span style=\"font-family: Oswald; font-size: 18pt;\"><b>Responsibility of the user<\/b><\/span><\/p>\n<p>The data requested in the forms on the Website are generally mandatory (unless otherwise specified in the required field) in order to comply with the established purposes. Therefore, if the data is not provided or is not provided correctly, then users may not freely view the entire content of the Website.<span class=\"Apple-converted-space\"> <\/span><\/p>\n<p>The User:<\/p>\n<ul>\n<li>Guarantees that he\/she is over 18 years of age and that the data provided to BODEGAS CLEMENTE GARC\u00cdA is true, accurate, complete and up to date. For these purposes, the User is responsible for the veracity of all the data provided and will keep the information provided suitably updated, so that it corresponds to his\/her current situation.<\/li>\n<li>The User shall be liable for any false or inaccurate information provided through the Website and for any damages, direct or indirect, that this may cause to BODEGAS CLEMENTE GARC\u00cdA or third parties.<\/li>\n<\/ul>\n<p><strong><span style=\"font-family: Oswald; font-size: 18pt;\">Purpose and data usage<\/span><\/strong><\/p>\n<p>The personal data provided through the Website will be processed by BODEGAS CLEMENTE GARC\u00cdA for the following purposes:<\/p>\n<ul>\n<li>To manage, process and respond to requests, applications, complaints or queries from the User, when he\/she provides his\/her data through the &#8220;Contact&#8221; form. The User&#8217;s data will be kept for this purpose until he\/she opposes or revokes his\/her consent.<\/li>\n<li>Periodically send Users, including by electronic means, commercial communications related to products, services, promotions, offers, events or news that may be of interest to them, if the User gives their consent by ticking the corresponding checkbox, or if they object or revoke their consent.<\/li>\n<\/ul>\n<p>The user can unsubscribe at any time by sending an email to the following email address: bodegaclementegarcia@gmail.com<\/p>\n<p>BODEGAS CLEMENTE GARC\u00cdA will never use your personal data for any purpose other than those described herein.<\/p>\n<p>&nbsp;<\/p>\n<p><span style=\"font-family: Oswald; font-size: 18pt;\"><b>Legitimacy of data processing<\/b><\/span><\/p>\n<p>The processing of the User&#8217;s data by BODEGAS CLEMENTE GARC\u00cdA is based on the consent requested and which can be withdrawn at any time. However, if you withdraw your consent, this will not affect the lawfulness of the processing previously carried out.<\/p>\n<p>The consents obtained for the aforementioned purposes are independent so that the User may revoke only one of them without affecting the others.<\/p>\n<p>&nbsp;<\/p>\n<p><strong><span style=\"font-family: Oswald; font-size: 18pt;\">Rights of the User<\/span><\/strong><\/p>\n<p>The User may send a letter at any time and free of charge to BODEGAS CLEMENTE GARC\u00cdA at Ballester\u00eda 33, 26320 Ba\u00f1os de R\u00edo Tob\u00eda (La Rioja, Spain) enclosing a photocopy of his\/her identity document, to request his\/her rights of access, rectification, suppression, opposition, limitation, portability of his\/her data.<\/p>\n<p>You can also complain to the Spanish Data Protection Agency, through the following address: Spanish Data Protection Agency, C\/ Jorge Juan, 6, 28001- Madrid, when the interested party considers that BODEGAS CLEMENTE GARC\u00cdA has violated the rights that are recognized by the applicable regulations on data protection.<\/p>\n<p>&nbsp;<\/p>\n<p><span style=\"font-family: Oswald; font-size: 18pt;\"><b>User data Security<\/b><\/span><\/p>\n<p>BODEGAS CLEMENTE GARC\u00cdA will treat the User&#8217;s data at all times with absolute confidentiality, keeping the mandatory duty of secrecy regarding them, in accordance with the provisions of the applicable regulations, adopting for this purpose the necessary technical and organisational measures to ensure the security of your data and avoid its alteration, loss, unauthorised processing or access, given the state of technology, the nature of the data stored and the risks to which they are exposed.<span class=\"Apple-converted-space\"> <\/span><\/p>\n","protected":false},"excerpt":{"rendered":"<p>Privacy Policy The website www.bodegaclementegarcia.es is the property of BODEGAS CLEMENTE GARC\u00cdA S.L. (hereinafter BODEGAS CLEMENTE GARC\u00cdA), whose identification details are as follows: ADDRESS: Ballester\u00eda 33, 26320 Ba\u00f1os de R\u00edo Tob\u00eda (La Rioja, Spain) CIF: B26521344 Company registered in the [&hellip;]<\/p>\n","protected":false},"author":1,"featured_media":0,"parent":0,"menu_order":0,"comment_status":"closed","ping_status":"closed","template":"","meta":{"_monsterinsights_skip_tracking":false,"_monsterinsights_sitenote_active":false,"_monsterinsights_sitenote_note":"","_monsterinsights_sitenote_category":0,"footnotes":""},"class_list":["post-2571","page","type-page","status-publish","hentry"],"_links":{"self":[{"href":"https:\/\/bodegaclementegarcia.com\/en\/wp-json\/wp\/v2\/pages\/2571","targetHints":{"allow":["GET"]}}],"collection":[{"href":"https:\/\/bodegaclementegarcia.com\/en\/wp-json\/wp\/v2\/pages"}],"about":[{"href":"https:\/\/bodegaclementegarcia.com\/en\/wp-json\/wp\/v2\/types\/page"}],"author":[{"embeddable":true,"href":"https:\/\/bodegaclementegarcia.com\/en\/wp-json\/wp\/v2\/users\/1"}],"replies":[{"embeddable":true,"href":"https:\/\/bodegaclementegarcia.com\/en\/wp-json\/wp\/v2\/comments?post=2571"}],"version-history":[{"count":0,"href":"https:\/\/bodegaclementegarcia.com\/en\/wp-json\/wp\/v2\/pages\/2571\/revisions"}],"wp:attachment":[{"href":"https:\/\/bodegaclementegarcia.com\/en\/wp-json\/wp\/v2\/media?parent=2571"}],"curies":[{"name":"wp","href":"https:\/\/api.w.org\/{rel}","templated":true}]}}