
{"id":2501,"date":"2022-05-04T13:43:42","date_gmt":"2022-05-04T11:43:42","guid":{"rendered":"https:\/\/bodegaclementegarcia.com\/producto\/clemente-garcia-garnacha-2\/"},"modified":"2025-02-06T10:05:57","modified_gmt":"2025-02-06T09:05:57","slug":"clemente-garcia-garnacha-2","status":"publish","type":"product","link":"https:\/\/bodegaclementegarcia.com\/en\/producto\/clemente-garcia-garnacha-2\/","title":{"rendered":"Clemente Garc\u00eda Garnacha"},"content":{"rendered":"<p>[vc_row][vc_column][vc_column_text]Clemente Garc\u00eda Grenache will reveal the essence of Alto Najerilla, our excellent Rioja Alta valley, through a grape variety that is typical of the area and which I have recovered by working the vineyards that my grandfather planted. I produce around 10,000 bottles each vintage and it is the wine which is the point of reference for our winery.<\/p>\n<p>This wine is the result of a careful selection of the best Grenache grapes from our vineyards of between 25 and 75 years old, which I work using organic methods and plant in plots that stand from 570 to 700 metres above sea level in the town of Ba\u00f1os de R\u00edo Tob\u00eda.<\/p>\n<p>The grapes are harvested by hand in 16 kg crates and then fermented in concrete and stainless steel tanks before being aged in French oak for 14 months.<\/p>\n<p>It is a deep cherry red colour wine, high intensity in the nose and with an elegant, fruity aroma, packed with red fruit. Balanced in the mouth with a marked nose, a sensation of fullness and freshness, inviting you to take another sip and reflect on the vineyards of the Grenache variety grown in a cold area.<\/p>\n<p>&nbsp;<\/p>\n<div class=\"vc_btn3-container boton vc_btn3-center\"><a class=\"vc_general vc_btn3 vc_btn3-size-md vc_btn3-shape-rounded vc_btn3-style-outline-custom\" style=\"border-color: #911549; color: #911549; background-color: transparent;\" title=\"\" href=\"https:\/\/bodegaclementegarcia.com\/wp-content\/uploads\/2025\/02\/FICHA_GARNACHA_ENG-1.pdf\" target=\"_blank\" rel=\"noopener\">Download tasting notes<\/a><\/div>\n<p>[\/vc_column_text][\/vc_column][\/vc_row]<\/p>\n","protected":false},"excerpt":{"rendered":"<p style=\"text-align: left;\"><span style=\"font-family: oswald; font-size: 36pt;\">Clemente Garc\u00eda<span style=\"color: #993366;\"> Garnacha<\/span><\/span><\/p>\n<p><span style=\"font-family: oswald;\"><span style=\"color: #993366;\">From 11,50 \u20ac\/bottle<\/span> <span style=\"font-size: 10pt;\">(VAT and shipping included)<\/span><\/span><\/p>\n<p>Clemente Garc\u00eda Grenache will reveal the essence of Alto Najerilla, our excellent Rioja Alta valley, through a grape variety that is typical of the area and which I have recovered by working the vineyards that my grandfather planted. I produce around 10,000 bottles each vintage and it is the wine which is the point of reference for our winery.<\/p>\n<p>This wine is the result of a careful selection of the best Grenache grapes from our vineyards of between 25 and 75 years old, which I work using organic methods and plant in plots that stand from 570 to 700 metres above sea level in the town of Ba\u00f1os de R\u00edo Tob\u00eda.<\/p>\n<p>The grapes are harvested by hand in 16 kg crates and then fermented in concrete and stainless steel tanks before being aged in French oak for 14 months.<\/p>\n<p>It is a deep cherry red colour wine, high intensity in the nose and with an elegant, fruity aroma, packed with red fruit. Balanced in the mouth with a marked nose, a sensation of fullness and freshness, inviting you to take another sip and reflect on the vineyards of the Grenache variety grown in a cold area.<\/p>\n<div><a style=\"color: #911549; font-family: oswald; font-size: 1.3em;\" title=\"\" href=\"https:\/\/bodegaclementegarcia.com\/wp-content\/uploads\/2025\/02\/FICHA_GARNACHA_ENG-1.pdf\" target=\"_blank\" rel=\"noopener\">Download tasting notes<\/a><\/div>\n","protected":false},"featured_media":3156,"template":"","meta":{"_monsterinsights_skip_tracking":false,"_monsterinsights_sitenote_active":false,"_monsterinsights_sitenote_note":"","_monsterinsights_sitenote_category":0},"product_brand":[],"product_cat":[50],"product_tag":[],"class_list":{"0":"post-2501","1":"product","2":"type-product","3":"status-publish","4":"has-post-thumbnail","6":"product_cat-bodega","8":"first","9":"instock","10":"shipping-taxable","11":"purchasable","12":"product-type-variable"},"_links":{"self":[{"href":"https:\/\/bodegaclementegarcia.com\/en\/wp-json\/wp\/v2\/product\/2501","targetHints":{"allow":["GET"]}}],"collection":[{"href":"https:\/\/bodegaclementegarcia.com\/en\/wp-json\/wp\/v2\/product"}],"about":[{"href":"https:\/\/bodegaclementegarcia.com\/en\/wp-json\/wp\/v2\/types\/product"}],"wp:featuredmedia":[{"embeddable":true,"href":"https:\/\/bodegaclementegarcia.com\/en\/wp-json\/wp\/v2\/media\/3156"}],"wp:attachment":[{"href":"https:\/\/bodegaclementegarcia.com\/en\/wp-json\/wp\/v2\/media?parent=2501"}],"wp:term":[{"taxonomy":"product_brand","embeddable":true,"href":"https:\/\/bodegaclementegarcia.com\/en\/wp-json\/wp\/v2\/product_brand?post=2501"},{"taxonomy":"product_cat","embeddable":true,"href":"https:\/\/bodegaclementegarcia.com\/en\/wp-json\/wp\/v2\/product_cat?post=2501"},{"taxonomy":"product_tag","embeddable":true,"href":"https:\/\/bodegaclementegarcia.com\/en\/wp-json\/wp\/v2\/product_tag?post=2501"}],"curies":[{"name":"wp","href":"https:\/\/api.w.org\/{rel}","templated":true}]}}