
{"id":2650,"date":"2022-05-18T13:24:46","date_gmt":"2022-05-18T11:24:46","guid":{"rendered":"https:\/\/bodegaclementegarcia.com\/producto\/clemente-garcia-tempranillo\/"},"modified":"2025-02-06T10:07:37","modified_gmt":"2025-02-06T09:07:37","slug":"clemente-garcia-tempranillo","status":"publish","type":"product","link":"https:\/\/bodegaclementegarcia.com\/en\/producto\/clemente-garcia-tempranillo\/","title":{"rendered":"Clemente Garc\u00eda Tempranillo"},"content":{"rendered":"<p>[vc_row][vc_column][vc_column_text]A Limited edition, with only 1,300 bottles of Clemente Garc\u00eda Tempranillo produced in each vintage. A powerful wine with good structure in the mouth.<\/p>\n<p>I make it with 90% Tempranillo grape and 10% Grenache grape, the best Tempranillo grapes from our vineyards of between 25 and 75 years old, planted by my grandfather in plots standing from 570 to 700 m. altitude in the town of Ba\u00f1os de R\u00edo Tob\u00eda.<\/p>\n<p>It is aged in new 500L French oak barrels for 16 months.<\/p>\n<p>It is a wine of deep intensity, with a nose of chocolate and spices, providing complexity, good acidity and well-marked but not excessive woody notes.<\/p>\n<p>&nbsp;<\/p>\n<div class=\"vc_btn3-container boton vc_btn3-center\"><a class=\"vc_general vc_btn3 vc_btn3-size-md vc_btn3-shape-rounded vc_btn3-style-outline-custom\" style=\"border-color: #911549; color: #911549; background-color: transparent;\" title=\"\" href=\"https:\/\/bodegaclementegarcia.com\/wp-content\/uploads\/2025\/02\/FICHA_TEMPRANILLO_ENG-2.pdf\" target=\"_blank\" rel=\"noopener\">Download tasting notes<\/a><\/div>\n<p>[\/vc_column_text][\/vc_column][\/vc_row]<\/p>\n","protected":false},"excerpt":{"rendered":"<p style=\"text-align: left;\"><span style=\"font-family: oswald; font-size: 36pt;\">Clemente Garc\u00eda<span style=\"color: #993366;\"> Tempranillo<\/span><\/span><\/p>\n<p><span style=\"font-family: oswald;\"><span style=\"color: #993366;\">From 19,00 \u20ac\/bottle<\/span> <span style=\"font-size: 10pt;\">(VAT and shipping included)<\/span><\/span><\/p>\n<p>A Limited edition, with only 1,300 bottles of Clemente Garc\u00eda Tempranillo produced in each vintage. A powerful wine with good structure in the mouth.<\/p>\n<p>I make it with 90% Tempranillo grape and 10% Grenache grape, the best Tempranillo grapes from our vineyards of between 25 and 75 years old, planted by my grandfather in plots standing from 570 to 700 m. altitude in the town of Ba\u00f1os de R\u00edo Tob\u00eda.<\/p>\n<p>It is aged in new 500L French oak barrels for 16 months.<\/p>\n<p>It is a wine of deep intensity, with a nose of chocolate and spices, providing complexity, good acidity and well-marked but not excessive woody notes.<br \/>\n<span style=\"font-size: 8pt;\">Contains sulfites. Ability 0,75 L. Alcohol 14,5% vol<\/span><\/p>\n<div class=\"vc_btn3-container boton vc_btn3-center\"><a class=\"vc_general vc_btn3 vc_btn3-size-md vc_btn3-shape-rounded vc_btn3-style-outline-custom\" style=\"border-color: #911549; color: #911549; background-color: transparent;\" title=\"\" href=\"https:\/\/bodegaclementegarcia.com\/wp-content\/uploads\/2025\/02\/FICHA_TEMPRANILLO_ENG-2.pdf\" target=\"_blank\" rel=\"noopener\">Download tasting notes<\/a><\/div>\n","protected":false},"featured_media":3150,"template":"","meta":{"_monsterinsights_skip_tracking":false,"_monsterinsights_sitenote_active":false,"_monsterinsights_sitenote_note":"","_monsterinsights_sitenote_category":0},"product_brand":[],"product_cat":[50],"product_tag":[],"class_list":{"0":"post-2650","1":"product","2":"type-product","3":"status-publish","4":"has-post-thumbnail","6":"product_cat-bodega","8":"first","9":"instock","10":"shipping-taxable","11":"purchasable","12":"product-type-variable"},"_links":{"self":[{"href":"https:\/\/bodegaclementegarcia.com\/en\/wp-json\/wp\/v2\/product\/2650","targetHints":{"allow":["GET"]}}],"collection":[{"href":"https:\/\/bodegaclementegarcia.com\/en\/wp-json\/wp\/v2\/product"}],"about":[{"href":"https:\/\/bodegaclementegarcia.com\/en\/wp-json\/wp\/v2\/types\/product"}],"wp:featuredmedia":[{"embeddable":true,"href":"https:\/\/bodegaclementegarcia.com\/en\/wp-json\/wp\/v2\/media\/3150"}],"wp:attachment":[{"href":"https:\/\/bodegaclementegarcia.com\/en\/wp-json\/wp\/v2\/media?parent=2650"}],"wp:term":[{"taxonomy":"product_brand","embeddable":true,"href":"https:\/\/bodegaclementegarcia.com\/en\/wp-json\/wp\/v2\/product_brand?post=2650"},{"taxonomy":"product_cat","embeddable":true,"href":"https:\/\/bodegaclementegarcia.com\/en\/wp-json\/wp\/v2\/product_cat?post=2650"},{"taxonomy":"product_tag","embeddable":true,"href":"https:\/\/bodegaclementegarcia.com\/en\/wp-json\/wp\/v2\/product_tag?post=2650"}],"curies":[{"name":"wp","href":"https:\/\/api.w.org\/{rel}","templated":true}]}}