
{"id":2653,"date":"2022-05-18T13:30:35","date_gmt":"2022-05-18T11:30:35","guid":{"rendered":"https:\/\/bodegaclementegarcia.com\/producto\/clemente-garcia-garnacha-tinaja\/"},"modified":"2025-02-06T10:13:07","modified_gmt":"2025-02-06T09:13:07","slug":"clemente-garcia-garnacha-tinaja","status":"publish","type":"product","link":"https:\/\/bodegaclementegarcia.com\/en\/producto\/clemente-garcia-garnacha-tinaja\/","title":{"rendered":"Clemente Garc\u00eda Garnacha Tinaja"},"content":{"rendered":"<p>[vc_row][vc_column][vc_column_text]This wine arose from my desire to offer something that was not just one more bottle in our range of wines, but a distinct wine. The special limited edition of 630 bottles of this Grenache is aged for 11 months in clay jars, which respect the fruit more than the barrel.<\/p>\n<p>I make it from Grenache, a grape variety typical in the Najerilla Valley in Rioja Alta, which I have recovered by working the vineyards planted by my grandfather in Ba\u00f1os de R\u00edo Tob\u00eda and where I use organic methods, harvesting by hand in 15 kg crates from very carefully selected plots.<\/p>\n<p>It is a wine with an intense cherry red colour, with a medium-deep intensity and intense aromas with hints of strawberry and raspberry. It is full and fresh and lingers in the mouth, both silky and elegant. To really appreciate it, it should ideally be consumed at a temperature of between 15 and 17 \u00baC.<\/p>\n<p>&nbsp;<\/p>\n<div class=\"vc_btn3-container boton vc_btn3-center\"><a class=\"vc_general vc_btn3 vc_btn3-size-md vc_btn3-shape-rounded vc_btn3-style-outline-custom\" style=\"border-color: #911549; color: #911549; background-color: transparent;\" title=\"\" href=\"https:\/\/bodegaclementegarcia.com\/wp-content\/uploads\/2022\/01\/ClementeGarciaTinaja_ficha.pdf\" target=\"_blank\" rel=\"noopener\">Download tasting notes<\/a><\/div>\n<p>[\/vc_column_text][\/vc_column][\/vc_row]<\/p>\n","protected":false},"excerpt":{"rendered":"<p style=\"text-align: left;\"><span style=\"font-family: oswald; font-size: 36pt;\">Clemente Garc\u00eda <span style=\"color: #993366;\">Afinado en Barro<\/span><\/span><\/p>\n<p><span style=\"font-family: oswald;\"><span style=\"color: #993366;\">From 17 \u20ac\/bottle<\/span><span style=\"font-size: 10pt;\">(VAT and shipping included)<\/span><\/span><\/p>\n<p>This wine arose from my desire to offer something that was not just one more bottle in our range of wines, but a distinct wine. The special limited edition of 630 bottles of this Grenache is aged for 11 months in clay jars, which respect the fruit more than the barrel.<\/p>\n<p>I make it from Grenache, a grape variety typical in the Najerilla Valley in Rioja Alta, which I have recovered by working the vineyards planted by my grandfather in Ba\u00f1os de R\u00edo Tob\u00eda and where I use organic methods, harvesting by hand in 15 kg crates from very carefully selected plots.<\/p>\n<p>It is a wine with an intense cherry red colour, with a medium-deep intensity and intense aromas with hints of strawberry and raspberry. It is full and fresh and lingers in the mouth, both silky and elegant. To really appreciate it, it should ideally be consumed at a temperature of between 15 and 17 \u00baC.<br \/>\n<span style=\"font-size: 8pt;\">Contains sulfites. Ability 0,75 L. Alcohol 15% vol<\/span><\/p>\n<div class=\"vc_btn3-container boton vc_btn3-center\"><a class=\"vc_general vc_btn3 vc_btn3-size-md vc_btn3-shape-rounded vc_btn3-style-outline-custom\" style=\"border-color: #911549; color: #911549; background-color: transparent;\" title=\"\" href=\"https:\/\/bodegaclementegarcia.com\/wp-content\/uploads\/2025\/02\/FICHA_BARRO_ENG-4.pdf\" target=\"_blank\" rel=\"noopener\">Download tasting notes<\/a><\/div>\n","protected":false},"featured_media":3148,"template":"","meta":{"_monsterinsights_skip_tracking":false,"_monsterinsights_sitenote_active":false,"_monsterinsights_sitenote_note":"","_monsterinsights_sitenote_category":0},"product_brand":[],"product_cat":[50],"product_tag":[],"class_list":{"0":"post-2653","1":"product","2":"type-product","3":"status-publish","4":"has-post-thumbnail","6":"product_cat-bodega","8":"first","9":"instock","10":"shipping-taxable","11":"purchasable","12":"product-type-variable"},"_links":{"self":[{"href":"https:\/\/bodegaclementegarcia.com\/en\/wp-json\/wp\/v2\/product\/2653","targetHints":{"allow":["GET"]}}],"collection":[{"href":"https:\/\/bodegaclementegarcia.com\/en\/wp-json\/wp\/v2\/product"}],"about":[{"href":"https:\/\/bodegaclementegarcia.com\/en\/wp-json\/wp\/v2\/types\/product"}],"wp:featuredmedia":[{"embeddable":true,"href":"https:\/\/bodegaclementegarcia.com\/en\/wp-json\/wp\/v2\/media\/3148"}],"wp:attachment":[{"href":"https:\/\/bodegaclementegarcia.com\/en\/wp-json\/wp\/v2\/media?parent=2653"}],"wp:term":[{"taxonomy":"product_brand","embeddable":true,"href":"https:\/\/bodegaclementegarcia.com\/en\/wp-json\/wp\/v2\/product_brand?post=2653"},{"taxonomy":"product_cat","embeddable":true,"href":"https:\/\/bodegaclementegarcia.com\/en\/wp-json\/wp\/v2\/product_cat?post=2653"},{"taxonomy":"product_tag","embeddable":true,"href":"https:\/\/bodegaclementegarcia.com\/en\/wp-json\/wp\/v2\/product_tag?post=2653"}],"curies":[{"name":"wp","href":"https:\/\/api.w.org\/{rel}","templated":true}]}}