
{"id":2654,"date":"2022-05-18T13:45:07","date_gmt":"2022-05-18T11:45:07","guid":{"rendered":"https:\/\/bodegaclementegarcia.com\/producto\/clemente-garcia-viura\/"},"modified":"2025-02-06T10:10:10","modified_gmt":"2025-02-06T09:10:10","slug":"clemente-garcia-viura","status":"publish","type":"product","link":"https:\/\/bodegaclementegarcia.com\/en\/producto\/clemente-garcia-viura\/","title":{"rendered":"Clemente Garc\u00eda Viura"},"content":{"rendered":"<p style=\"text-align: right;\">Fruity, sweet and silky, this white wine takes us to the vineyards of its origin in the Najerilla Valley. The Viura grapes with which I make it have grown in plots located at an altitude of 650 m above sea level, from vineyards with an average age of about 70 years, that were planted by my grandfather in Ba\u00f1os de R\u00edo Tob\u00eda and which I cultivate using organic techniques.<\/p>\n<p>The grapes are harvested by hand in 16 kg crates so as not to damage the grapes and it is fermented at a low temperature so that they do not lose their fresh and fruity flavour. The fermentation takes place in aged, 500 litre French oak barrels for eleven months.<\/p>\n<p>The result is a limited edition of 630 bottles of a fine and elegant wine in which citrus and aromatic herbal aromas stand out against a light woody background, fruity and fresh with a long finish in the mouth.<\/p>\n<p><span style=\"font-size: 8pt;\">Contains sulfites. Ability 0,75 L. Alcohol 14,3% vol<\/span><\/p>\n<div class=\"vc_btn3-container boton vc_btn3-center\"><a class=\"vc_general vc_btn3 vc_btn3-size-md vc_btn3-shape-rounded vc_btn3-style-outline-custom\" style=\"border-color: #911549; color: #911549; background-color: transparent;\" title=\"\" href=\"https:\/\/bodegaclementegarcia.com\/wp-content\/uploads\/2025\/02\/FICHA_VIURA_ENG-3.pdf\" target=\"_blank\" rel=\"noopener\">Download tasting notes<\/a><\/div>\n","protected":false},"excerpt":{"rendered":"<p style=\"text-align: left;\"><span style=\"font-family: oswald; font-size: 36pt;\">Clemente Garc\u00eda<span style=\"color: #993366;\"> Viura<\/span><\/span><\/p>\n<p><span style=\"font-family: oswald;\"><span style=\"color: #993366;\">From 11,50 \u20ac\/bottle<\/span> <span style=\"font-size: 10pt;\">(VAT and shipping included)<\/span><\/span><\/p>\n<p>Fruity, sweet and silky, this white wine takes us to the vineyards of its origin in the Najerilla Valley. The Viura grapes with which I make it have grown in plots located at an altitude of 650 m above sea level, from vineyards with an average age of about 70 years, that were planted by my grandfather in Ba\u00f1os de R\u00edo Tob\u00eda and which I cultivate using organic techniques.<\/p>\n<p>The grapes are harvested by hand in 16 kg crates so as not to damage the grapes and it is fermented at a low temperature so that they do not lose their fresh and fruity flavour. The fermentation takes place in aged, 500 litre French oak barrels for eleven months.<\/p>\n<p>The result is a limited edition of 630 bottles of a fine and elegant wine in which citrus and aromatic herbal aromas stand out against a light woody background, fruity and fresh with a long finish in the mouth.<\/p>\n<div class=\"vc_btn3-container boton vc_btn3-center\"><a class=\"vc_general vc_btn3 vc_btn3-size-md vc_btn3-shape-rounded vc_btn3-style-outline-custom\" style=\"border-color: #911549; color: #911549; background-color: transparent;\" title=\"\" href=\"https:\/\/bodegaclementegarcia.com\/wp-content\/uploads\/2025\/02\/FICHA_VIURA_ENG-3.pdf\" target=\"_blank\" rel=\"noopener\">Download tasting notes<\/a><\/div>\n","protected":false},"featured_media":3152,"template":"","meta":{"_monsterinsights_skip_tracking":false,"_monsterinsights_sitenote_active":false,"_monsterinsights_sitenote_note":"","_monsterinsights_sitenote_category":0},"product_brand":[],"product_cat":[50],"product_tag":[],"class_list":{"0":"post-2654","1":"product","2":"type-product","3":"status-publish","4":"has-post-thumbnail","6":"product_cat-bodega","8":"first","9":"outofstock","10":"shipping-taxable","11":"product-type-variable"},"_links":{"self":[{"href":"https:\/\/bodegaclementegarcia.com\/en\/wp-json\/wp\/v2\/product\/2654","targetHints":{"allow":["GET"]}}],"collection":[{"href":"https:\/\/bodegaclementegarcia.com\/en\/wp-json\/wp\/v2\/product"}],"about":[{"href":"https:\/\/bodegaclementegarcia.com\/en\/wp-json\/wp\/v2\/types\/product"}],"wp:featuredmedia":[{"embeddable":true,"href":"https:\/\/bodegaclementegarcia.com\/en\/wp-json\/wp\/v2\/media\/3152"}],"wp:attachment":[{"href":"https:\/\/bodegaclementegarcia.com\/en\/wp-json\/wp\/v2\/media?parent=2654"}],"wp:term":[{"taxonomy":"product_brand","embeddable":true,"href":"https:\/\/bodegaclementegarcia.com\/en\/wp-json\/wp\/v2\/product_brand?post=2654"},{"taxonomy":"product_cat","embeddable":true,"href":"https:\/\/bodegaclementegarcia.com\/en\/wp-json\/wp\/v2\/product_cat?post=2654"},{"taxonomy":"product_tag","embeddable":true,"href":"https:\/\/bodegaclementegarcia.com\/en\/wp-json\/wp\/v2\/product_tag?post=2654"}],"curies":[{"name":"wp","href":"https:\/\/api.w.org\/{rel}","templated":true}]}}